{"id":8068,"date":"2025-11-04T17:14:03","date_gmt":"2025-11-04T16:14:03","guid":{"rendered":"https:\/\/new.creditlinemontage.nl\/nasze-marki\/"},"modified":"2026-03-04T17:01:31","modified_gmt":"2026-03-04T16:01:31","slug":"nasze-marki","status":"publish","type":"page","link":"https:\/\/creditlinemontage.nl\/pl\/nasze-marki\/","title":{"rendered":"Nasze Marki"},"content":{"rendered":"\t\t<div data-elementor-type=\"wp-page\" data-elementor-id=\"8068\" class=\"elementor elementor-8068 elementor-8021\">\n\t\t\t\t\t\t\t<div class=\"wd-negative-gap elementor-element elementor-element-af7e1b3 e-flex e-con-boxed elementor-invisible e-con e-parent\" data-id=\"af7e1b3\" data-element_type=\"container\" data-settings=\"{&quot;animation&quot;:&quot;fadeInUp&quot;,&quot;content_width&quot;:&quot;boxed&quot;}\" data-core-v316-plus=\"true\">\n\t\t\t\t\t<div class=\"e-con-inner\">\n\t\t<div class=\"elementor-element elementor-element-2ee7c07 e-con-full e-flex e-con e-child\" data-id=\"2ee7c07\" data-element_type=\"container\" data-settings=\"{&quot;content_width&quot;:&quot;full&quot;}\">\n\t\t\t\t<div class=\"elementor-element elementor-element-65b6dd57 elementor-widget elementor-widget-wd_image_or_svg\" data-id=\"65b6dd57\" data-element_type=\"widget\" data-widget_type=\"wd_image_or_svg.default\">\n\t\t\t\t<div class=\"elementor-widget-container\">\n\t\t\t\n\t\t<div class=\"wd-image text-center\">\n\t\t\t\t\t\t\t<a href=\"https:\/\/creditlinemontage.pl\" target=\"_blank\" rel=\"noopener\">\n\t\t\t\t\t\t\t\t<img decoding=\"async\"  src=\"https:\/\/creditlinemontage.nl\/wp-content\/uploads\/2025\/02\/logo_1a.svg\" title=\"logo_1a.svg\" width=\"300\">\t\t\t\t\t\t\t<\/a>\n\t\t\t\t\t<\/div>\n\n\t\t\t\t<\/div>\n\t\t\t\t<\/div>\n\t\t\t\t<\/div>\n\t\t<div class=\"elementor-element elementor-element-5e8addb e-con-full e-flex e-con e-child\" data-id=\"5e8addb\" data-element_type=\"container\" data-settings=\"{&quot;content_width&quot;:&quot;full&quot;}\">\n\t\t\t\t<div class=\"elementor-element elementor-element-7948e58c text-center color-scheme-inherit elementor-widget elementor-widget-text-editor\" data-id=\"7948e58c\" data-element_type=\"widget\" data-widget_type=\"text-editor.default\">\n\t\t\t\t<div class=\"elementor-widget-container\">\n\t\t\t<style>\/*! elementor - v3.18.0 - 20-12-2023 *\/\n.elementor-widget-text-editor.elementor-drop-cap-view-stacked .elementor-drop-cap{background-color:#69727d;color:#fff}.elementor-widget-text-editor.elementor-drop-cap-view-framed .elementor-drop-cap{color:#69727d;border:3px solid;background-color:transparent}.elementor-widget-text-editor:not(.elementor-drop-cap-view-default) .elementor-drop-cap{margin-top:8px}.elementor-widget-text-editor:not(.elementor-drop-cap-view-default) .elementor-drop-cap-letter{width:1em;height:1em}.elementor-widget-text-editor .elementor-drop-cap{float:left;text-align:center;line-height:1;font-size:50px}.elementor-widget-text-editor .elementor-drop-cap-letter{display:inline-block}<\/style>\t\t\t\t<h3 class=\"elementor-heading-title elementor-size-default\">Okna i Drzwi<\/h3>\n\t\t\t\t\t\t<\/div>\n\t\t\t\t<\/div>\n\t\t\t\t<\/div>\n\t\t<div class=\"elementor-element elementor-element-4ab4aa7 e-con-full e-flex e-con e-child\" data-id=\"4ab4aa7\" data-element_type=\"container\" data-settings=\"{&quot;content_width&quot;:&quot;full&quot;}\">\n\t\t\t\t<div class=\"elementor-element elementor-element-798aea5 elementor-widget elementor-widget-wd_text_block\" data-id=\"798aea5\" data-element_type=\"widget\" data-widget_type=\"wd_text_block.default\">\n\t\t\t\t<div class=\"elementor-widget-container\">\n\t\t\t\t\t\t<link rel=\"stylesheet\" id=\"wd-text-block-css\" href=\"https:\/\/creditlinemontage.nl\/wp-content\/themes\/woodmart\/css\/parts\/el-text-block.min.css?ver=7.4.3\" type=\"text\/css\" media=\"all\" \/> \t\t\t\t\t<div class=\"wd-text-block reset-last-child text-center\">\n\t\t\t\n\t\t\t<p>Dla wszystkich drzwi i ram okiennych.<br \/>Wykonane z drewna, stali lub tworzywa sztucznego, z r\u00f3\u017cnymi rodzajami przeszkle\u0144.<\/p>\n\t\t\t\t\t<\/div>\n\t\t\t\t<\/div>\n\t\t\t\t<\/div>\n\t\t\t\t<\/div>\n\t\t<div class=\"elementor-element elementor-element-425510a e-con-full e-flex e-con e-child\" data-id=\"425510a\" data-element_type=\"container\" data-settings=\"{&quot;content_width&quot;:&quot;full&quot;}\">\n\t\t\t\t<div class=\"elementor-element elementor-element-7f44793e elementor-widget elementor-widget-wd_button\" data-id=\"7f44793e\" data-element_type=\"widget\" data-widget_type=\"wd_button.default\">\n\t\t\t\t<div class=\"elementor-widget-container\">\n\t\t\t\t\t<div class=\"wd-button-wrapper text-center\" >\n\t\t\t<a class=\"btn btn-style-default btn-style-semi-round btn-size-default btn-color-primary btn-icon-pos-right\" href=\"https:\/\/creditlinemontage.pl\" target=\"_blank\" rel=\"noopener\">\n\t\t\t\t<span class=\"wd-btn-text\" data-elementor-setting-key=\"text\">\n\t\t\t\t\tOdwied\u017a stron\u0119\t\t\t\t<\/span>\n\n\t\t\t\t\t\t\t<\/a>\n\t\t<\/div>\n\t\t\t\t<\/div>\n\t\t\t\t<\/div>\n\t\t\t\t<\/div>\n\t\t\t\t\t<\/div>\n\t\t\t\t<\/div>\n\t\t<div class=\"wd-negative-gap elementor-element elementor-element-8dc34b7 e-flex e-con-boxed elementor-invisible e-con e-parent\" data-id=\"8dc34b7\" data-element_type=\"container\" data-settings=\"{&quot;background_background&quot;:&quot;gradient&quot;,&quot;animation&quot;:&quot;fadeInUp&quot;,&quot;content_width&quot;:&quot;boxed&quot;}\" data-core-v316-plus=\"true\">\n\t\t\t\t\t<div class=\"e-con-inner\">\n\t\t<div class=\"elementor-element elementor-element-afd3d37 e-con-full e-flex e-con e-child\" data-id=\"afd3d37\" data-element_type=\"container\" data-settings=\"{&quot;content_width&quot;:&quot;full&quot;}\">\n\t\t\t\t<div class=\"elementor-element elementor-element-23598249 elementor-widget elementor-widget-wd_image_or_svg\" data-id=\"23598249\" data-element_type=\"widget\" data-widget_type=\"wd_image_or_svg.default\">\n\t\t\t\t<div class=\"elementor-widget-container\">\n\t\t\t\n\t\t<div class=\"wd-image text-center\">\n\t\t\t\t\t\t\t<a href=\"https:\/\/besteldeurpanelenopmaat.nl\/\" target=\"_blank\" rel=\"noopener\">\n\t\t\t\t\t\t\t\t<img decoding=\"async\"  src=\"https:\/\/creditlinemontage.nl\/wp-content\/uploads\/2025\/02\/logo_1b.svg\" title=\"logo_1b.svg\" width=\"300\">\t\t\t\t\t\t\t<\/a>\n\t\t\t\t\t<\/div>\n\n\t\t\t\t<\/div>\n\t\t\t\t<\/div>\n\t\t\t\t<\/div>\n\t\t<div class=\"elementor-element elementor-element-50f7bba e-con-full e-flex e-con e-child\" data-id=\"50f7bba\" data-element_type=\"container\" data-settings=\"{&quot;content_width&quot;:&quot;full&quot;}\">\n\t\t\t\t<div class=\"elementor-element elementor-element-1b7049f2 text-center color-scheme-inherit elementor-widget elementor-widget-text-editor\" data-id=\"1b7049f2\" data-element_type=\"widget\" data-widget_type=\"text-editor.default\">\n\t\t\t\t<div class=\"elementor-widget-container\">\n\t\t\t\t\t\t\t<h3 class=\"elementor-heading-title elementor-size-default\" style=\"color: #fff;\">Kolekcje paneli drzwiowych<\/h3>\n\t\t\t\t\t\t<\/div>\n\t\t\t\t<\/div>\n\t\t\t\t<\/div>\n\t\t<div class=\"elementor-element elementor-element-e0285e9 e-con-full e-flex e-con e-child\" data-id=\"e0285e9\" data-element_type=\"container\" data-settings=\"{&quot;content_width&quot;:&quot;full&quot;}\">\n\t\t\t\t<div class=\"elementor-element elementor-element-4d9106a elementor-widget elementor-widget-wd_text_block\" data-id=\"4d9106a\" data-element_type=\"widget\" data-widget_type=\"wd_text_block.default\">\n\t\t\t\t<div class=\"elementor-widget-container\">\n\t\t\t\t\t<div class=\"wd-text-block reset-last-child text-center color-scheme-light\">\n\t\t\t\n\t\t\t<p>Odkryj nasz\u0105 pi\u0119kn\u0105 kolekcj\u0119 paneli drzwiowych.<br \/>Dost\u0119pne w r\u00f3\u017cnych stylach, wykonywane na zam\u00f3wienie i szybko dostarczane.<\/p>\n\t\t\t\t\t<\/div>\n\t\t\t\t<\/div>\n\t\t\t\t<\/div>\n\t\t\t\t<\/div>\n\t\t<div class=\"elementor-element elementor-element-af3d360 e-con-full e-flex e-con e-child\" data-id=\"af3d360\" data-element_type=\"container\" data-settings=\"{&quot;content_width&quot;:&quot;full&quot;}\">\n\t\t\t\t<div class=\"elementor-element elementor-element-229480a elementor-widget elementor-widget-wd_button\" data-id=\"229480a\" data-element_type=\"widget\" data-widget_type=\"wd_button.default\">\n\t\t\t\t<div class=\"elementor-widget-container\">\n\t\t\t\t\t<div class=\"wd-button-wrapper text-center\" >\n\t\t\t<a class=\"btn btn-style-default btn-style-semi-round btn-size-default btn-color-white btn-icon-pos-right\" href=\"https:\/\/besteldeurpanelenopmaat.nl\/\" target=\"_blank\" rel=\"noopener\">\n\t\t\t\t<span class=\"wd-btn-text\" data-elementor-setting-key=\"text\">\n\t\t\t\t\tOdwied\u017a stron\u0119\t\t\t\t<\/span>\n\n\t\t\t\t\t\t\t<\/a>\n\t\t<\/div>\n\t\t\t\t<\/div>\n\t\t\t\t<\/div>\n\t\t\t\t<\/div>\n\t\t\t\t\t<\/div>\n\t\t\t\t<\/div>\n\t\t<div class=\"wd-negative-gap elementor-element elementor-element-93fe15d e-flex e-con-boxed elementor-invisible e-con e-parent\" data-id=\"93fe15d\" data-element_type=\"container\" data-settings=\"{&quot;background_background&quot;:&quot;classic&quot;,&quot;animation&quot;:&quot;fadeInUp&quot;,&quot;content_width&quot;:&quot;boxed&quot;}\" data-core-v316-plus=\"true\">\n\t\t\t\t\t<div class=\"e-con-inner\">\n\t\t<div class=\"elementor-element elementor-element-9306825 e-con-full e-flex e-con e-child\" data-id=\"9306825\" data-element_type=\"container\" data-settings=\"{&quot;content_width&quot;:&quot;full&quot;}\">\n\t\t\t\t<div class=\"elementor-element elementor-element-bf07997 elementor-widget elementor-widget-wd_image_or_svg\" data-id=\"bf07997\" data-element_type=\"widget\" data-widget_type=\"wd_image_or_svg.default\">\n\t\t\t\t<div class=\"elementor-widget-container\">\n\t\t\t\n\t\t<div class=\"wd-image text-center\">\n\t\t\t\t\t\t\t<a href=\"https:\/\/aanenuitbouw.nl\/\" target=\"_blank\" rel=\"noopener\">\n\t\t\t\t\t\t\t\t<img decoding=\"async\"  src=\"https:\/\/creditlinemontage.nl\/wp-content\/uploads\/2025\/02\/logo_aanenuitbouw.svg\" title=\"logo_aanenuitbouw.svg\" width=\"300\">\t\t\t\t\t\t\t<\/a>\n\t\t\t\t\t<\/div>\n\n\t\t\t\t<\/div>\n\t\t\t\t<\/div>\n\t\t\t\t<\/div>\n\t\t<div class=\"elementor-element elementor-element-28ef6b0 e-con-full e-flex e-con e-child\" data-id=\"28ef6b0\" data-element_type=\"container\" data-settings=\"{&quot;content_width&quot;:&quot;full&quot;}\">\n\t\t\t\t<div class=\"elementor-element elementor-element-713b222 text-center color-scheme-inherit elementor-widget elementor-widget-text-editor\" data-id=\"713b222\" data-element_type=\"widget\" data-widget_type=\"text-editor.default\">\n\t\t\t\t<div class=\"elementor-widget-container\">\n\t\t\t\t\t\t\t<h3 class=\"elementor-heading-title elementor-size-default\" style=\"color: #fff;\">Budowa dobud\u00f3wek do dom\u00f3w<\/h3>\n\t\t\t\t\t\t<\/div>\n\t\t\t\t<\/div>\n\t\t\t\t<\/div>\n\t\t<div class=\"elementor-element elementor-element-edf47a4 e-con-full e-flex e-con e-child\" data-id=\"edf47a4\" data-element_type=\"container\" data-settings=\"{&quot;content_width&quot;:&quot;full&quot;}\">\n\t\t\t\t<div class=\"elementor-element elementor-element-df7e63a elementor-widget elementor-widget-wd_text_block\" data-id=\"df7e63a\" data-element_type=\"widget\" data-widget_type=\"wd_text_block.default\">\n\t\t\t\t<div class=\"elementor-widget-container\">\n\t\t\t\t\t<div class=\"wd-text-block reset-last-child text-center color-scheme-light\">\n\t\t\t\n\t\t\t<p>Z przyjemno\u015bci\u0105 pomo\u017cemy Ci stworzy\u0107 wi\u0119cej przestrzeni dzi\u0119ki rozbudowie lub dobudowie.<br \/>Zapoznaj si\u0119 z mo\u017cliwo\u015bciami!<\/p>\n\t\t\t\t\t<\/div>\n\t\t\t\t<\/div>\n\t\t\t\t<\/div>\n\t\t\t\t<\/div>\n\t\t<div class=\"elementor-element elementor-element-ec5e41b e-con-full e-flex e-con e-child\" data-id=\"ec5e41b\" data-element_type=\"container\" data-settings=\"{&quot;content_width&quot;:&quot;full&quot;}\">\n\t\t\t\t<div class=\"elementor-element elementor-element-677a2b05 elementor-widget elementor-widget-wd_button\" data-id=\"677a2b05\" data-element_type=\"widget\" data-widget_type=\"wd_button.default\">\n\t\t\t\t<div class=\"elementor-widget-container\">\n\t\t\t\t\t<div class=\"wd-button-wrapper text-center\" >\n\t\t\t<a class=\"btn btn-style-default btn-style-semi-round btn-size-default btn-color-white btn-icon-pos-right\" href=\"https:\/\/aanenuitbouw.nl\/\" target=\"_blank\" rel=\"noopener\">\n\t\t\t\t<span class=\"wd-btn-text\" data-elementor-setting-key=\"text\">\n\t\t\t\t\tOdwied\u017a stron\u0119\t\t\t\t<\/span>\n\n\t\t\t\t\t\t\t<\/a>\n\t\t<\/div>\n\t\t\t\t<\/div>\n\t\t\t\t<\/div>\n\t\t\t\t<\/div>\n\t\t\t\t\t<\/div>\n\t\t\t\t<\/div>\n\t\t<div class=\"wd-negative-gap elementor-element elementor-element-03cacf8 e-flex e-con-boxed elementor-invisible e-con e-parent\" data-id=\"03cacf8\" data-element_type=\"container\" data-settings=\"{&quot;animation&quot;:&quot;fadeInUp&quot;,&quot;content_width&quot;:&quot;boxed&quot;}\" data-core-v316-plus=\"true\">\n\t\t\t\t\t<div class=\"e-con-inner\">\n\t\t<div class=\"elementor-element elementor-element-1a1848d e-con-full e-flex e-con e-child\" data-id=\"1a1848d\" data-element_type=\"container\" data-settings=\"{&quot;content_width&quot;:&quot;full&quot;}\">\n\t\t\t\t<div class=\"elementor-element elementor-element-4794cd07 elementor-widget elementor-widget-wd_image_or_svg\" data-id=\"4794cd07\" data-element_type=\"widget\" data-widget_type=\"wd_image_or_svg.default\">\n\t\t\t\t<div class=\"elementor-widget-container\">\n\t\t\t\n\t\t<div class=\"wd-image text-center\">\n\t\t\t\t\t\t\t<a href=\"https:\/\/creditlinedakkapellen.nl\/\" target=\"_blank\" rel=\"noopener\">\n\t\t\t\t\t\t\t\t<img decoding=\"async\"  src=\"https:\/\/creditlinemontage.nl\/wp-content\/uploads\/2025\/02\/logo_r.svg\" title=\"logo_r.svg\" width=\"300\">\t\t\t\t\t\t\t<\/a>\n\t\t\t\t\t<\/div>\n\n\t\t\t\t<\/div>\n\t\t\t\t<\/div>\n\t\t\t\t<\/div>\n\t\t<div class=\"elementor-element elementor-element-64ce14b e-con-full e-flex e-con e-child\" data-id=\"64ce14b\" data-element_type=\"container\" data-settings=\"{&quot;content_width&quot;:&quot;full&quot;}\">\n\t\t\t\t<div class=\"elementor-element elementor-element-23dfded3 text-center color-scheme-inherit elementor-widget elementor-widget-text-editor\" data-id=\"23dfded3\" data-element_type=\"widget\" data-widget_type=\"text-editor.default\">\n\t\t\t\t<div class=\"elementor-widget-container\">\n\t\t\t\t\t\t\t<h3 class=\"elementor-heading-title elementor-size-default\" style=\"color: #000;\">Budowa lukarn<\/h3>\n\t\t\t\t\t\t<\/div>\n\t\t\t\t<\/div>\n\t\t\t\t<\/div>\n\t\t<div class=\"elementor-element elementor-element-9281545 e-con-full e-flex e-con e-child\" data-id=\"9281545\" data-element_type=\"container\" data-settings=\"{&quot;content_width&quot;:&quot;full&quot;}\">\n\t\t\t\t<div class=\"elementor-element elementor-element-860c5f9 elementor-widget elementor-widget-wd_text_block\" data-id=\"860c5f9\" data-element_type=\"widget\" data-widget_type=\"wd_text_block.default\">\n\t\t\t\t<div class=\"elementor-widget-container\">\n\t\t\t\t\t<div class=\"wd-text-block reset-last-child text-center\">\n\t\t\t\n\t\t\t<p>Zyskaj wi\u0119cej przestrzeni i \u015bwiat\u0142a w swoim domu dzi\u0119ki ekologicznemu oknu dachowemu.<br \/>Cz\u0119sto montowane w zaledwie dwa dni!<\/p>\n\t\t\t\t\t<\/div>\n\t\t\t\t<\/div>\n\t\t\t\t<\/div>\n\t\t\t\t<\/div>\n\t\t<div class=\"elementor-element elementor-element-659ad2e e-con-full e-flex e-con e-child\" data-id=\"659ad2e\" data-element_type=\"container\" data-settings=\"{&quot;content_width&quot;:&quot;full&quot;}\">\n\t\t\t\t<div class=\"elementor-element elementor-element-3e492a5 elementor-widget elementor-widget-wd_button\" data-id=\"3e492a5\" data-element_type=\"widget\" data-widget_type=\"wd_button.default\">\n\t\t\t\t<div class=\"elementor-widget-container\">\n\t\t\t\t\t<div class=\"wd-button-wrapper text-center\" >\n\t\t\t<a class=\"btn btn-style-default btn-style-semi-round btn-size-default btn-scheme-light btn-scheme-hover-inherit btn-icon-pos-right\" href=\"https:\/\/creditlinedakkapellen.nl\/\" target=\"_blank\" rel=\"noopener\">\n\t\t\t\t<span class=\"wd-btn-text\" data-elementor-setting-key=\"text\">\n\t\t\t\t\tOdwied\u017a stron\u0119\t\t\t\t<\/span>\n\n\t\t\t\t\t\t\t<\/a>\n\t\t<\/div>\n\t\t\t\t<\/div>\n\t\t\t\t<\/div>\n\t\t\t\t<\/div>\n\t\t\t\t\t<\/div>\n\t\t\t\t<\/div>\n\t\t<div class=\"wd-negative-gap elementor-element elementor-element-a81079e e-flex e-con-boxed elementor-invisible e-con e-parent\" data-id=\"a81079e\" data-element_type=\"container\" data-settings=\"{&quot;background_background&quot;:&quot;classic&quot;,&quot;animation&quot;:&quot;fadeInUp&quot;,&quot;content_width&quot;:&quot;boxed&quot;}\" data-core-v316-plus=\"true\">\n\t\t\t\t\t<div class=\"e-con-inner\">\n\t\t<div class=\"elementor-element elementor-element-1bfacbc e-con-full e-flex e-con e-child\" data-id=\"1bfacbc\" data-element_type=\"container\" data-settings=\"{&quot;content_width&quot;:&quot;full&quot;}\">\n\t\t\t\t<div class=\"elementor-element elementor-element-d49292c elementor-widget elementor-widget-wd_image_or_svg\" data-id=\"d49292c\" data-element_type=\"widget\" data-widget_type=\"wd_image_or_svg.default\">\n\t\t\t\t<div class=\"elementor-widget-container\">\n\t\t\t\n\t\t<div class=\"wd-image text-center\">\n\t\t\t\t\t\t\t<a href=\"https:\/\/creditlinedakkapellen.nl\/\" target=\"_blank\" rel=\"noopener\">\n\t\t\t\t\t\t\t\t<img decoding=\"async\"  src=\"https:\/\/creditlinemontage.nl\/wp-content\/uploads\/2025\/11\/csp_logo_white.svg\" title=\"csp_logo_white\" width=\"300\">\t\t\t\t\t\t\t<\/a>\n\t\t\t\t\t<\/div>\n\n\t\t\t\t<\/div>\n\t\t\t\t<\/div>\n\t\t\t\t<\/div>\n\t\t<div class=\"elementor-element elementor-element-879d4c9 e-con-full e-flex e-con e-child\" data-id=\"879d4c9\" data-element_type=\"container\" data-settings=\"{&quot;content_width&quot;:&quot;full&quot;}\">\n\t\t\t\t<div class=\"elementor-element elementor-element-6760d72 text-center color-scheme-inherit elementor-widget elementor-widget-text-editor\" data-id=\"6760d72\" data-element_type=\"widget\" data-widget_type=\"text-editor.default\">\n\t\t\t\t<div class=\"elementor-widget-container\">\n\t\t\t\t\t\t\t<h3 class=\"elementor-heading-title elementor-size-default\" style=\"color: #fff;\">\u015aruby fundamentowe<\/h3>\n\t\t\t\t\t\t<\/div>\n\t\t\t\t<\/div>\n\t\t\t\t<\/div>\n\t\t<div class=\"elementor-element elementor-element-10962ea e-con-full e-flex e-con e-child\" data-id=\"10962ea\" data-element_type=\"container\" data-settings=\"{&quot;content_width&quot;:&quot;full&quot;}\">\n\t\t\t\t<div class=\"elementor-element elementor-element-b28854c elementor-widget elementor-widget-wd_text_block\" data-id=\"b28854c\" data-element_type=\"widget\" data-widget_type=\"wd_text_block.default\">\n\t\t\t\t<div class=\"elementor-widget-container\">\n\t\t\t\t\t<div class=\"wd-text-block reset-last-child text-center color-scheme-light\">\n\t\t\t\n\t\t\t<p>Dostarczamy ekologiczne pale \u015brubowe, kt\u00f3re zapewniaj\u0105 solidne i szybkie fundamenty bez wibracji i ha\u0142asu.<\/p>\n\t\t\t\t\t<\/div>\n\t\t\t\t<\/div>\n\t\t\t\t<\/div>\n\t\t\t\t<\/div>\n\t\t<div class=\"elementor-element elementor-element-88db205 e-con-full e-flex e-con e-child\" data-id=\"88db205\" data-element_type=\"container\" data-settings=\"{&quot;content_width&quot;:&quot;full&quot;}\">\n\t\t\t\t<div class=\"elementor-element elementor-element-bb05190 elementor-widget elementor-widget-wd_button\" data-id=\"bb05190\" data-element_type=\"widget\" data-widget_type=\"wd_button.default\">\n\t\t\t\t<div class=\"elementor-widget-container\">\n\t\t\t\t\t<div class=\"wd-button-wrapper text-center\" >\n\t\t\t<a class=\"btn btn-style-default btn-style-semi-round btn-size-default btn-color-white btn-icon-pos-right\" href=\"https:\/\/creditlineschroefpalen.nl\/\" target=\"_blank\" rel=\"noopener\">\n\t\t\t\t<span class=\"wd-btn-text\" data-elementor-setting-key=\"text\">\n\t\t\t\t\tOdwied\u017a stron\u0119\t\t\t\t<\/span>\n\n\t\t\t\t\t\t\t<\/a>\n\t\t<\/div>\n\t\t\t\t<\/div>\n\t\t\t\t<\/div>\n\t\t\t\t<\/div>\n\t\t\t\t\t<\/div>\n\t\t\t\t<\/div>\n\t\t<div class=\"wd-negative-gap elementor-element elementor-element-0384815 e-flex e-con-boxed elementor-invisible e-con e-parent\" data-id=\"0384815\" data-element_type=\"container\" data-settings=\"{&quot;background_background&quot;:&quot;classic&quot;,&quot;animation&quot;:&quot;fadeInUp&quot;,&quot;content_width&quot;:&quot;boxed&quot;}\" data-core-v316-plus=\"true\">\n\t\t\t\t\t<div class=\"e-con-inner\">\n\t\t<div class=\"elementor-element elementor-element-bd128b8 e-con-full e-flex e-con e-child\" data-id=\"bd128b8\" data-element_type=\"container\" data-settings=\"{&quot;content_width&quot;:&quot;full&quot;}\">\n\t\t\t\t<div class=\"elementor-element elementor-element-33f3facb elementor-widget elementor-widget-wd_image_or_svg\" data-id=\"33f3facb\" data-element_type=\"widget\" data-widget_type=\"wd_image_or_svg.default\">\n\t\t\t\t<div class=\"elementor-widget-container\">\n\t\t\t\n\t\t<div class=\"wd-image text-center\">\n\t\t\t\t\t\t\t<a href=\"https:\/\/bouwoffertevergelijken.nl\/\" target=\"_blank\" rel=\"noopener\">\n\t\t\t\t\t\t\t\t<img decoding=\"async\"  src=\"https:\/\/creditlinemontage.nl\/wp-content\/uploads\/2025\/02\/logo350bov.svg\" title=\"logo350bov.svg\" width=\"400\">\t\t\t\t\t\t\t<\/a>\n\t\t\t\t\t<\/div>\n\n\t\t\t\t<\/div>\n\t\t\t\t<\/div>\n\t\t\t\t<\/div>\n\t\t<div class=\"elementor-element elementor-element-be8dfd8 e-con-full e-flex e-con e-child\" data-id=\"be8dfd8\" data-element_type=\"container\" data-settings=\"{&quot;content_width&quot;:&quot;full&quot;}\">\n\t\t\t\t<div class=\"elementor-element elementor-element-20f62664 text-center color-scheme-inherit elementor-widget elementor-widget-text-editor\" data-id=\"20f62664\" data-element_type=\"widget\" data-widget_type=\"text-editor.default\">\n\t\t\t\t<div class=\"elementor-widget-container\">\n\t\t\t\t\t\t\t<h3 class=\"elementor-heading-title elementor-size-default\" style=\"color: #639c3d;\">Por\u00f3wnaj oferty budowlane<\/h3>\n\t\t\t\t\t\t<\/div>\n\t\t\t\t<\/div>\n\t\t\t\t<\/div>\n\t\t<div class=\"elementor-element elementor-element-3597f41 e-con-full e-flex e-con e-child\" data-id=\"3597f41\" data-element_type=\"container\" data-settings=\"{&quot;content_width&quot;:&quot;full&quot;}\">\n\t\t\t\t<div class=\"elementor-element elementor-element-e542baa elementor-widget elementor-widget-wd_text_block\" data-id=\"e542baa\" data-element_type=\"widget\" data-widget_type=\"wd_text_block.default\">\n\t\t\t\t<div class=\"elementor-widget-container\">\n\t\t\t\t\t<div class=\"wd-text-block reset-last-child text-center color-scheme-light\">\n\t\t\t\n\t\t\t<p>Oszcz\u0119dzaj czas i pieni\u0105dze. Popro\u015b o wycen\u0119 ju\u017c teraz i \u0142atwo znajd\u017a najlepsz\u0105 cen\u0119 dla swojego projektu.<\/p>\n\t\t\t\t\t<\/div>\n\t\t\t\t<\/div>\n\t\t\t\t<\/div>\n\t\t\t\t<\/div>\n\t\t<div class=\"elementor-element elementor-element-c6b9ca2 e-con-full e-flex e-con e-child\" data-id=\"c6b9ca2\" data-element_type=\"container\" data-settings=\"{&quot;content_width&quot;:&quot;full&quot;}\">\n\t\t\t\t<div class=\"elementor-element elementor-element-13352d08 elementor-widget elementor-widget-wd_button\" data-id=\"13352d08\" data-element_type=\"widget\" data-widget_type=\"wd_button.default\">\n\t\t\t\t<div class=\"elementor-widget-container\">\n\t\t\t\t\t<div class=\"wd-button-wrapper text-center\" >\n\t\t\t<a class=\"btn btn-style-default btn-style-semi-round btn-size-default btn-scheme-light btn-scheme-hover-inherit btn-icon-pos-right\" href=\"https:\/\/bouwoffertevergelijken.nl\/\" target=\"_blank\" rel=\"noopener\">\n\t\t\t\t<span class=\"wd-btn-text\" data-elementor-setting-key=\"text\">\n\t\t\t\t\tOdwied\u017a stron\u0119\t\t\t\t<\/span>\n\n\t\t\t\t\t\t\t<\/a>\n\t\t<\/div>\n\t\t\t\t<\/div>\n\t\t\t\t<\/div>\n\t\t\t\t<\/div>\n\t\t\t\t\t<\/div>\n\t\t\t\t<\/div>\n\t\t\t\t\t\t\t<\/div>\n\t\t","protected":false},"excerpt":{"rendered":"<p>Okna i Drzwi Dla wszystkich drzwi i ram okiennych.Wykonane z drewna, stali lub tworzywa sztucznego, z r\u00f3\u017cnymi rodzajami przeszkle\u0144. Odwied\u017a<\/p>\n","protected":false},"author":1,"featured_media":0,"parent":0,"menu_order":0,"comment_status":"closed","ping_status":"closed","template":"","meta":{"footnotes":""},"class_list":["post-8068","page","type-page","status-publish","hentry"],"_links":{"self":[{"href":"https:\/\/creditlinemontage.nl\/pl\/wp-json\/wp\/v2\/pages\/8068","targetHints":{"allow":["GET"]}}],"collection":[{"href":"https:\/\/creditlinemontage.nl\/pl\/wp-json\/wp\/v2\/pages"}],"about":[{"href":"https:\/\/creditlinemontage.nl\/pl\/wp-json\/wp\/v2\/types\/page"}],"author":[{"embeddable":true,"href":"https:\/\/creditlinemontage.nl\/pl\/wp-json\/wp\/v2\/users\/1"}],"replies":[{"embeddable":true,"href":"https:\/\/creditlinemontage.nl\/pl\/wp-json\/wp\/v2\/comments?post=8068"}],"version-history":[{"count":6,"href":"https:\/\/creditlinemontage.nl\/pl\/wp-json\/wp\/v2\/pages\/8068\/revisions"}],"predecessor-version":[{"id":8331,"href":"https:\/\/creditlinemontage.nl\/pl\/wp-json\/wp\/v2\/pages\/8068\/revisions\/8331"}],"wp:attachment":[{"href":"https:\/\/creditlinemontage.nl\/pl\/wp-json\/wp\/v2\/media?parent=8068"}],"curies":[{"name":"wp","href":"https:\/\/api.w.org\/{rel}","templated":true}]}}